{"id":946,"date":"2025-02-27T11:15:33","date_gmt":"2025-02-27T10:15:33","guid":{"rendered":"https:\/\/medspot-torun.pl\/?page_id=946"},"modified":"2025-02-27T11:33:46","modified_gmt":"2025-02-27T10:33:46","slug":"hig-paulina-wojciechowska","status":"publish","type":"page","link":"https:\/\/medspot-torun.pl\/index.php\/hig-paulina-wojciechowska\/","title":{"rendered":"hig. Paulina Wojciechowska"},"content":{"rendered":"\t\t<div data-elementor-type=\"wp-page\" data-elementor-id=\"946\" class=\"elementor elementor-946\" data-elementor-post-type=\"page\">\n\t\t\t\t\t\t<section class=\"elementor-section elementor-top-section elementor-element elementor-element-e8ff1e0 elementor-section-content-top elementor-reverse-tablet elementor-reverse-mobile elementor-section-boxed elementor-section-height-default elementor-section-height-default\" data-id=\"e8ff1e0\" data-element_type=\"section\" data-settings=\"{&quot;background_background&quot;:&quot;classic&quot;}\">\n\t\t\t\t\t\t<div class=\"elementor-container elementor-column-gap-wider\">\n\t\t\t\t\t<div class=\"elementor-column elementor-col-50 elementor-top-column elementor-element elementor-element-2ce9051\" data-id=\"2ce9051\" data-element_type=\"column\">\n\t\t\t<div class=\"elementor-widget-wrap elementor-element-populated\">\n\t\t\t\t\t\t<div class=\"elementor-element elementor-element-ce6b4c1 animated-slow elementor-invisible elementor-widget elementor-widget-heading\" data-id=\"ce6b4c1\" data-element_type=\"widget\" data-settings=\"{&quot;_animation&quot;:&quot;fadeInUp&quot;,&quot;_animation_delay&quot;:100}\" data-widget_type=\"heading.default\">\n\t\t\t\t<div class=\"elementor-widget-container\">\n\t\t\t\t\t<h3 class=\"elementor-heading-title elementor-size-default\">HIG. pAULINA wOJCIECHOWSKA <\/h3>\t\t\t\t<\/div>\n\t\t\t\t<\/div>\n\t\t\t\t<div class=\"elementor-element elementor-element-144aafe animated-slow elementor-invisible elementor-widget elementor-widget-heading\" data-id=\"144aafe\" data-element_type=\"widget\" data-settings=\"{&quot;_animation&quot;:&quot;fadeInUp&quot;}\" data-widget_type=\"heading.default\">\n\t\t\t\t<div class=\"elementor-widget-container\">\n\t\t\t\t\t<h5 class=\"elementor-heading-title elementor-size-default\">HIGIENISTKA STOMATOLOGICZNA<\/h5>\t\t\t\t<\/div>\n\t\t\t\t<\/div>\n\t\t\t\t<div class=\"elementor-element elementor-element-8caf42a elementor-invisible elementor-widget elementor-widget-text-editor\" data-id=\"8caf42a\" data-element_type=\"widget\" data-settings=\"{&quot;_animation&quot;:&quot;fadeIn&quot;}\" data-widget_type=\"text-editor.default\">\n\t\t\t\t<div class=\"elementor-widget-container\">\n\t\t\t\t\t\t\t\t\t<p style=\"text-align: center;\">Jestem dyplomowan\u0105 higienistk\u0105 stomatologiczn\u0105. W gabinecie stomatologicznym pracuj\u0119 od 2019 roku, nieustannie poszerzaj\u0105c swoj\u0105 wiedz\u0119 i umiej\u0119tno\u015bci poprzez uczestnictwo w dodatkowych szkoleniach i kursach. Moim celem jest nie tylko przeprowadzanie zabieg\u00f3w higienizacyjnych, ale r\u00f3wnie\u017c edukowanie pacjent\u00f3w w zakresie w\u0142a\u015bciwej higieny jamy ustnej. Szczeg\u00f3ln\u0105 uwag\u0119 po\u015bwi\u0119cam dzieciom, prowadz\u0105c zaj\u0119cia profilaktyczne dla maluch\u00f3w w wieku przedszkolnym i szkolnym, ucz\u0105c je, jak dba\u0107 o z\u0119by, by unikn\u0105\u0107 problem\u00f3w zdrowotnych w przysz\u0142o\u015bci.<\/p>\t\t\t\t\t\t\t\t<\/div>\n\t\t\t\t<\/div>\n\t\t\t\t<div class=\"elementor-element elementor-element-fd97d6c elementor-mobile-align-center elementor-align-left elementor-tablet-align-center elementor-invisible elementor-widget elementor-widget-button\" data-id=\"fd97d6c\" data-element_type=\"widget\" data-settings=\"{&quot;_animation&quot;:&quot;fadeInUp&quot;}\" data-widget_type=\"button.default\">\n\t\t\t\t<div class=\"elementor-widget-container\">\n\t\t\t\t\t\t\t\t\t<div class=\"elementor-button-wrapper\">\n\t\t\t\t\t<a class=\"elementor-button elementor-button-link elementor-size-sm\" href=\"\">\n\t\t\t\t\t\t<span class=\"elementor-button-content-wrapper\">\n\t\t\t\t\t\t\t\t\t<span class=\"elementor-button-text\">um\u00f3w wizyt\u0119<\/span>\n\t\t\t\t\t<\/span>\n\t\t\t\t\t<\/a>\n\t\t\t\t<\/div>\n\t\t\t\t\t\t\t\t<\/div>\n\t\t\t\t<\/div>\n\t\t\t\t\t<\/div>\n\t\t<\/div>\n\t\t\t\t<div class=\"elementor-column elementor-col-50 elementor-top-column elementor-element elementor-element-2bb79cb\" data-id=\"2bb79cb\" data-element_type=\"column\">\n\t\t\t<div class=\"elementor-widget-wrap elementor-element-populated\">\n\t\t\t\t\t\t<div class=\"elementor-element elementor-element-da2a8c1 elementor-widget elementor-widget-image\" data-id=\"da2a8c1\" data-element_type=\"widget\" data-widget_type=\"image.default\">\n\t\t\t\t<div class=\"elementor-widget-container\">\n\t\t\t\t\t\t\t\t\t\t\t\t\t\t\t<img fetchpriority=\"high\" decoding=\"async\" width=\"529\" height=\"530\" src=\"https:\/\/medspot-torun.pl\/wp-content\/uploads\/2025\/02\/8300b89670b8662a4f2bf42a411ae7e1.jpeg\" class=\"attachment-large size-large wp-image-949\" alt=\"\" srcset=\"https:\/\/medspot-torun.pl\/wp-content\/uploads\/2025\/02\/8300b89670b8662a4f2bf42a411ae7e1.jpeg 529w, https:\/\/medspot-torun.pl\/wp-content\/uploads\/2025\/02\/8300b89670b8662a4f2bf42a411ae7e1-300x300.jpeg 300w, https:\/\/medspot-torun.pl\/wp-content\/uploads\/2025\/02\/8300b89670b8662a4f2bf42a411ae7e1-150x150.jpeg 150w, https:\/\/medspot-torun.pl\/wp-content\/uploads\/2025\/02\/8300b89670b8662a4f2bf42a411ae7e1-380x381.jpeg 380w\" sizes=\"(max-width: 529px) 100vw, 529px\" \/>\t\t\t\t\t\t\t\t\t\t\t\t\t\t\t<\/div>\n\t\t\t\t<\/div>\n\t\t\t\t\t<\/div>\n\t\t<\/div>\n\t\t\t\t\t<\/div>\n\t\t<\/section>\n\t\t\t\t<\/div>\n\t\t","protected":false},"excerpt":{"rendered":"<p>HIG. pAULINA wOJCIECHOWSKA HIGIENISTKA STOMATOLOGICZNA Jestem dyplomowan\u0105 higienistk\u0105 stomatologiczn\u0105. W gabinecie stomatologicznym pracuj\u0119 od 2019 roku, nieustannie poszerzaj\u0105c swoj\u0105 wiedz\u0119 i umiej\u0119tno\u015bci poprzez uczestnictwo w dodatkowych szkoleniach i kursach. Moim [&hellip;]<\/p>\n","protected":false},"author":1,"featured_media":0,"parent":0,"menu_order":0,"comment_status":"closed","ping_status":"closed","template":"page-templates\/template-canvas.php","meta":{"footnotes":""},"class_list":["post-946","page","type-page","status-publish","hentry"],"yoast_head":"<!-- This site is optimized with the Yoast SEO plugin v26.4 - https:\/\/yoast.com\/wordpress\/plugins\/seo\/ -->\n<title>hig. Paulina Wojciechowska - MedSpot<\/title>\n<meta name=\"robots\" content=\"index, follow, max-snippet:-1, max-image-preview:large, max-video-preview:-1\" \/>\n<link rel=\"canonical\" href=\"https:\/\/medspot-torun.pl\/index.php\/hig-paulina-wojciechowska\/\" \/>\n<meta property=\"og:locale\" content=\"pl_PL\" \/>\n<meta property=\"og:type\" content=\"article\" \/>\n<meta property=\"og:title\" content=\"hig. Paulina Wojciechowska - MedSpot\" \/>\n<meta property=\"og:description\" content=\"HIG. pAULINA wOJCIECHOWSKA HIGIENISTKA STOMATOLOGICZNA Jestem dyplomowan\u0105 higienistk\u0105 stomatologiczn\u0105. W gabinecie stomatologicznym pracuj\u0119 od 2019 roku, nieustannie poszerzaj\u0105c swoj\u0105 wiedz\u0119 i umiej\u0119tno\u015bci poprzez uczestnictwo w dodatkowych szkoleniach i kursach. Moim [&hellip;]\" \/>\n<meta property=\"og:url\" content=\"https:\/\/medspot-torun.pl\/index.php\/hig-paulina-wojciechowska\/\" \/>\n<meta property=\"og:site_name\" content=\"MedSpot\" \/>\n<meta property=\"article:modified_time\" content=\"2025-02-27T10:33:46+00:00\" \/>\n<meta property=\"og:image\" content=\"https:\/\/medspot-torun.pl\/wp-content\/uploads\/2025\/02\/8300b89670b8662a4f2bf42a411ae7e1.jpeg\" \/>\n<meta name=\"twitter:card\" content=\"summary_large_image\" \/>\n<meta name=\"twitter:label1\" content=\"Szacowany czas czytania\" \/>\n\t<meta name=\"twitter:data1\" content=\"1 minuta\" \/>\n<script type=\"application\/ld+json\" class=\"yoast-schema-graph\">{\"@context\":\"https:\/\/schema.org\",\"@graph\":[{\"@type\":\"WebPage\",\"@id\":\"https:\/\/medspot-torun.pl\/index.php\/hig-paulina-wojciechowska\/\",\"url\":\"https:\/\/medspot-torun.pl\/index.php\/hig-paulina-wojciechowska\/\",\"name\":\"hig. Paulina Wojciechowska - MedSpot\",\"isPartOf\":{\"@id\":\"https:\/\/medspot-torun.pl\/#website\"},\"primaryImageOfPage\":{\"@id\":\"https:\/\/medspot-torun.pl\/index.php\/hig-paulina-wojciechowska\/#primaryimage\"},\"image\":{\"@id\":\"https:\/\/medspot-torun.pl\/index.php\/hig-paulina-wojciechowska\/#primaryimage\"},\"thumbnailUrl\":\"https:\/\/medspot-torun.pl\/wp-content\/uploads\/2025\/02\/8300b89670b8662a4f2bf42a411ae7e1.jpeg\",\"datePublished\":\"2025-02-27T10:15:33+00:00\",\"dateModified\":\"2025-02-27T10:33:46+00:00\",\"breadcrumb\":{\"@id\":\"https:\/\/medspot-torun.pl\/index.php\/hig-paulina-wojciechowska\/#breadcrumb\"},\"inLanguage\":\"pl-PL\",\"potentialAction\":[{\"@type\":\"ReadAction\",\"target\":[\"https:\/\/medspot-torun.pl\/index.php\/hig-paulina-wojciechowska\/\"]}]},{\"@type\":\"ImageObject\",\"inLanguage\":\"pl-PL\",\"@id\":\"https:\/\/medspot-torun.pl\/index.php\/hig-paulina-wojciechowska\/#primaryimage\",\"url\":\"https:\/\/medspot-torun.pl\/wp-content\/uploads\/2025\/02\/8300b89670b8662a4f2bf42a411ae7e1.jpeg\",\"contentUrl\":\"https:\/\/medspot-torun.pl\/wp-content\/uploads\/2025\/02\/8300b89670b8662a4f2bf42a411ae7e1.jpeg\",\"width\":529,\"height\":530},{\"@type\":\"BreadcrumbList\",\"@id\":\"https:\/\/medspot-torun.pl\/index.php\/hig-paulina-wojciechowska\/#breadcrumb\",\"itemListElement\":[{\"@type\":\"ListItem\",\"position\":1,\"name\":\"Strona g\u0142\u00f3wna\",\"item\":\"https:\/\/medspot-torun.pl\/\"},{\"@type\":\"ListItem\",\"position\":2,\"name\":\"hig. Paulina Wojciechowska\"}]},{\"@type\":\"WebSite\",\"@id\":\"https:\/\/medspot-torun.pl\/#website\",\"url\":\"https:\/\/medspot-torun.pl\/\",\"name\":\"MedSpot\",\"description\":\"gabinety medyczne\",\"publisher\":{\"@id\":\"https:\/\/medspot-torun.pl\/#organization\"},\"potentialAction\":[{\"@type\":\"SearchAction\",\"target\":{\"@type\":\"EntryPoint\",\"urlTemplate\":\"https:\/\/medspot-torun.pl\/?s={search_term_string}\"},\"query-input\":{\"@type\":\"PropertyValueSpecification\",\"valueRequired\":true,\"valueName\":\"search_term_string\"}}],\"inLanguage\":\"pl-PL\"},{\"@type\":\"Organization\",\"@id\":\"https:\/\/medspot-torun.pl\/#organization\",\"name\":\"MedSpot\",\"url\":\"https:\/\/medspot-torun.pl\/\",\"logo\":{\"@type\":\"ImageObject\",\"inLanguage\":\"pl-PL\",\"@id\":\"https:\/\/medspot-torun.pl\/#\/schema\/logo\/image\/\",\"url\":\"https:\/\/medspot-torun.pl\/wp-content\/uploads\/2024\/09\/Srebrny-Kuchnia-Restauracja-Ulotka-e1730207827202.png\",\"contentUrl\":\"https:\/\/medspot-torun.pl\/wp-content\/uploads\/2024\/09\/Srebrny-Kuchnia-Restauracja-Ulotka-e1730207827202.png\",\"width\":1413,\"height\":636,\"caption\":\"MedSpot\"},\"image\":{\"@id\":\"https:\/\/medspot-torun.pl\/#\/schema\/logo\/image\/\"}}]}<\/script>\n<!-- \/ Yoast SEO plugin. -->","yoast_head_json":{"title":"hig. Paulina Wojciechowska - MedSpot","robots":{"index":"index","follow":"follow","max-snippet":"max-snippet:-1","max-image-preview":"max-image-preview:large","max-video-preview":"max-video-preview:-1"},"canonical":"https:\/\/medspot-torun.pl\/index.php\/hig-paulina-wojciechowska\/","og_locale":"pl_PL","og_type":"article","og_title":"hig. Paulina Wojciechowska - MedSpot","og_description":"HIG. pAULINA wOJCIECHOWSKA HIGIENISTKA STOMATOLOGICZNA Jestem dyplomowan\u0105 higienistk\u0105 stomatologiczn\u0105. W gabinecie stomatologicznym pracuj\u0119 od 2019 roku, nieustannie poszerzaj\u0105c swoj\u0105 wiedz\u0119 i umiej\u0119tno\u015bci poprzez uczestnictwo w dodatkowych szkoleniach i kursach. Moim [&hellip;]","og_url":"https:\/\/medspot-torun.pl\/index.php\/hig-paulina-wojciechowska\/","og_site_name":"MedSpot","article_modified_time":"2025-02-27T10:33:46+00:00","og_image":[{"url":"https:\/\/medspot-torun.pl\/wp-content\/uploads\/2025\/02\/8300b89670b8662a4f2bf42a411ae7e1.jpeg","type":"","width":"","height":""}],"twitter_card":"summary_large_image","twitter_misc":{"Szacowany czas czytania":"1 minuta"},"schema":{"@context":"https:\/\/schema.org","@graph":[{"@type":"WebPage","@id":"https:\/\/medspot-torun.pl\/index.php\/hig-paulina-wojciechowska\/","url":"https:\/\/medspot-torun.pl\/index.php\/hig-paulina-wojciechowska\/","name":"hig. Paulina Wojciechowska - MedSpot","isPartOf":{"@id":"https:\/\/medspot-torun.pl\/#website"},"primaryImageOfPage":{"@id":"https:\/\/medspot-torun.pl\/index.php\/hig-paulina-wojciechowska\/#primaryimage"},"image":{"@id":"https:\/\/medspot-torun.pl\/index.php\/hig-paulina-wojciechowska\/#primaryimage"},"thumbnailUrl":"https:\/\/medspot-torun.pl\/wp-content\/uploads\/2025\/02\/8300b89670b8662a4f2bf42a411ae7e1.jpeg","datePublished":"2025-02-27T10:15:33+00:00","dateModified":"2025-02-27T10:33:46+00:00","breadcrumb":{"@id":"https:\/\/medspot-torun.pl\/index.php\/hig-paulina-wojciechowska\/#breadcrumb"},"inLanguage":"pl-PL","potentialAction":[{"@type":"ReadAction","target":["https:\/\/medspot-torun.pl\/index.php\/hig-paulina-wojciechowska\/"]}]},{"@type":"ImageObject","inLanguage":"pl-PL","@id":"https:\/\/medspot-torun.pl\/index.php\/hig-paulina-wojciechowska\/#primaryimage","url":"https:\/\/medspot-torun.pl\/wp-content\/uploads\/2025\/02\/8300b89670b8662a4f2bf42a411ae7e1.jpeg","contentUrl":"https:\/\/medspot-torun.pl\/wp-content\/uploads\/2025\/02\/8300b89670b8662a4f2bf42a411ae7e1.jpeg","width":529,"height":530},{"@type":"BreadcrumbList","@id":"https:\/\/medspot-torun.pl\/index.php\/hig-paulina-wojciechowska\/#breadcrumb","itemListElement":[{"@type":"ListItem","position":1,"name":"Strona g\u0142\u00f3wna","item":"https:\/\/medspot-torun.pl\/"},{"@type":"ListItem","position":2,"name":"hig. Paulina Wojciechowska"}]},{"@type":"WebSite","@id":"https:\/\/medspot-torun.pl\/#website","url":"https:\/\/medspot-torun.pl\/","name":"MedSpot","description":"gabinety medyczne","publisher":{"@id":"https:\/\/medspot-torun.pl\/#organization"},"potentialAction":[{"@type":"SearchAction","target":{"@type":"EntryPoint","urlTemplate":"https:\/\/medspot-torun.pl\/?s={search_term_string}"},"query-input":{"@type":"PropertyValueSpecification","valueRequired":true,"valueName":"search_term_string"}}],"inLanguage":"pl-PL"},{"@type":"Organization","@id":"https:\/\/medspot-torun.pl\/#organization","name":"MedSpot","url":"https:\/\/medspot-torun.pl\/","logo":{"@type":"ImageObject","inLanguage":"pl-PL","@id":"https:\/\/medspot-torun.pl\/#\/schema\/logo\/image\/","url":"https:\/\/medspot-torun.pl\/wp-content\/uploads\/2024\/09\/Srebrny-Kuchnia-Restauracja-Ulotka-e1730207827202.png","contentUrl":"https:\/\/medspot-torun.pl\/wp-content\/uploads\/2024\/09\/Srebrny-Kuchnia-Restauracja-Ulotka-e1730207827202.png","width":1413,"height":636,"caption":"MedSpot"},"image":{"@id":"https:\/\/medspot-torun.pl\/#\/schema\/logo\/image\/"}}]}},"_links":{"self":[{"href":"https:\/\/medspot-torun.pl\/index.php\/wp-json\/wp\/v2\/pages\/946","targetHints":{"allow":["GET"]}}],"collection":[{"href":"https:\/\/medspot-torun.pl\/index.php\/wp-json\/wp\/v2\/pages"}],"about":[{"href":"https:\/\/medspot-torun.pl\/index.php\/wp-json\/wp\/v2\/types\/page"}],"author":[{"embeddable":true,"href":"https:\/\/medspot-torun.pl\/index.php\/wp-json\/wp\/v2\/users\/1"}],"replies":[{"embeddable":true,"href":"https:\/\/medspot-torun.pl\/index.php\/wp-json\/wp\/v2\/comments?post=946"}],"version-history":[{"count":4,"href":"https:\/\/medspot-torun.pl\/index.php\/wp-json\/wp\/v2\/pages\/946\/revisions"}],"predecessor-version":[{"id":952,"href":"https:\/\/medspot-torun.pl\/index.php\/wp-json\/wp\/v2\/pages\/946\/revisions\/952"}],"wp:attachment":[{"href":"https:\/\/medspot-torun.pl\/index.php\/wp-json\/wp\/v2\/media?parent=946"}],"curies":[{"name":"wp","href":"https:\/\/api.w.org\/{rel}","templated":true}]}}