{"id":735,"date":"2024-12-05T09:56:54","date_gmt":"2024-12-05T08:56:54","guid":{"rendered":"https:\/\/medspot-torun.pl\/?page_id=735"},"modified":"2025-01-30T14:09:55","modified_gmt":"2025-01-30T13:09:55","slug":"o-mnie-lek-justyna-roclawska","status":"publish","type":"page","link":"https:\/\/medspot-torun.pl\/index.php\/gabinety-medyczne-laryngolog-stomatolog\/o-mnie-lek-justyna-roclawska\/","title":{"rendered":"O mnie &#8211; lek. Justyna Roc\u0142awska"},"content":{"rendered":"\t\t<div data-elementor-type=\"wp-page\" data-elementor-id=\"735\" class=\"elementor elementor-735\" data-elementor-post-type=\"page\">\n\t\t\t\t\t\t<section class=\"elementor-section elementor-top-section elementor-element elementor-element-187634b9 elementor-section-content-top elementor-reverse-tablet elementor-reverse-mobile elementor-section-boxed elementor-section-height-default elementor-section-height-default\" data-id=\"187634b9\" data-element_type=\"section\" data-settings=\"{&quot;background_background&quot;:&quot;classic&quot;}\">\n\t\t\t\t\t\t<div class=\"elementor-container elementor-column-gap-wider\">\n\t\t\t\t\t<div class=\"elementor-column elementor-col-50 elementor-top-column elementor-element elementor-element-147a8bf\" data-id=\"147a8bf\" data-element_type=\"column\">\n\t\t\t<div class=\"elementor-widget-wrap elementor-element-populated\">\n\t\t\t\t\t\t<div class=\"elementor-element elementor-element-7a76192d animated-slow elementor-invisible elementor-widget elementor-widget-heading\" data-id=\"7a76192d\" data-element_type=\"widget\" data-settings=\"{&quot;_animation&quot;:&quot;fadeInUp&quot;,&quot;_animation_delay&quot;:100}\" data-widget_type=\"heading.default\">\n\t\t\t\t<div class=\"elementor-widget-container\">\n\t\t\t\t\t<h3 class=\"elementor-heading-title elementor-size-default\">lek. justyna roc\u0142awska<\/h3>\t\t\t\t<\/div>\n\t\t\t\t<\/div>\n\t\t\t\t<div class=\"elementor-element elementor-element-15a817d4 animated-slow elementor-invisible elementor-widget elementor-widget-heading\" data-id=\"15a817d4\" data-element_type=\"widget\" data-settings=\"{&quot;_animation&quot;:&quot;fadeInUp&quot;}\" data-widget_type=\"heading.default\">\n\t\t\t\t<div class=\"elementor-widget-container\">\n\t\t\t\t\t<h5 class=\"elementor-heading-title elementor-size-default\">laryngolog<\/h5>\t\t\t\t<\/div>\n\t\t\t\t<\/div>\n\t\t\t\t<div class=\"elementor-element elementor-element-3f68fabf elementor-invisible elementor-widget elementor-widget-text-editor\" data-id=\"3f68fabf\" data-element_type=\"widget\" data-settings=\"{&quot;_animation&quot;:&quot;fadeIn&quot;}\" data-widget_type=\"text-editor.default\">\n\t\t\t\t<div class=\"elementor-widget-container\">\n\t\t\t\t\t\t\t\t\t<p><span class=\"OYPEnA font-feature-liga-off font-feature-clig-off font-feature-calt-off text-decoration-none text-strikethrough-none\">Jestem absolwentk\u0105 Gda\u0144skiego Uniwersytetu Medycznego. Tytu\u0142 specjalisty w zakresie otorynolaryngologii uzyska\u0142am po odbyciu szkolenia specjalizacyjnego w Oddziale Otolaryngologii dla Dzieci i Doros\u0142ych Wojew\u00f3dzkiego Szpitala Zespolonego im. L. Rydygiera w Toruniu.<\/span> <span class=\"OYPEnA font-feature-liga-off font-feature-clig-off font-feature-calt-off text-decoration-none text-strikethrough-none\">Specjalizuj\u0119 si\u0119 w diagnostyce oraz leczeniu ostrych i przewlek\u0142ych chor\u00f3b uszu, nosa, zatok przynosowych, jamy ustnej, gard\u0142a i krtani.<\/span><\/p><p>\u00a0<\/p>\t\t\t\t\t\t\t\t<\/div>\n\t\t\t\t<\/div>\n\t\t\t\t<div class=\"elementor-element elementor-element-2bcbf217 elementor-mobile-align-center elementor-align-left elementor-tablet-align-center elementor-invisible elementor-widget elementor-widget-button\" data-id=\"2bcbf217\" data-element_type=\"widget\" data-settings=\"{&quot;_animation&quot;:&quot;fadeInUp&quot;}\" data-widget_type=\"button.default\">\n\t\t\t\t<div class=\"elementor-widget-container\">\n\t\t\t\t\t\t\t\t\t<div class=\"elementor-button-wrapper\">\n\t\t\t\t\t<a class=\"elementor-button elementor-button-link elementor-size-sm\" href=\"\">\n\t\t\t\t\t\t<span class=\"elementor-button-content-wrapper\">\n\t\t\t\t\t\t\t\t\t<span class=\"elementor-button-text\">um\u00f3w wizyt\u0119<\/span>\n\t\t\t\t\t<\/span>\n\t\t\t\t\t<\/a>\n\t\t\t\t<\/div>\n\t\t\t\t\t\t\t\t<\/div>\n\t\t\t\t<\/div>\n\t\t\t\t\t<\/div>\n\t\t<\/div>\n\t\t\t\t<div class=\"elementor-column elementor-col-50 elementor-top-column elementor-element elementor-element-699ff1cf\" data-id=\"699ff1cf\" data-element_type=\"column\">\n\t\t\t<div class=\"elementor-widget-wrap elementor-element-populated\">\n\t\t\t\t\t\t<div class=\"elementor-element elementor-element-2c578e7 elementor-widget elementor-widget-image\" data-id=\"2c578e7\" data-element_type=\"widget\" data-widget_type=\"image.default\">\n\t\t\t\t<div class=\"elementor-widget-container\">\n\t\t\t\t\t\t\t\t\t\t\t\t\t\t\t<img fetchpriority=\"high\" decoding=\"async\" width=\"459\" height=\"529\" src=\"https:\/\/medspot-torun.pl\/wp-content\/uploads\/2024\/12\/c9a7d27959ebe11314848e4cd1b34e65-e1733388904489.jpeg\" class=\"attachment-large size-large wp-image-734\" alt=\"\" srcset=\"https:\/\/medspot-torun.pl\/wp-content\/uploads\/2024\/12\/c9a7d27959ebe11314848e4cd1b34e65-e1733388904489.jpeg 459w, https:\/\/medspot-torun.pl\/wp-content\/uploads\/2024\/12\/c9a7d27959ebe11314848e4cd1b34e65-e1733388904489-260x300.jpeg 260w, https:\/\/medspot-torun.pl\/wp-content\/uploads\/2024\/12\/c9a7d27959ebe11314848e4cd1b34e65-e1733388904489-380x438.jpeg 380w\" sizes=\"(max-width: 459px) 100vw, 459px\" \/>\t\t\t\t\t\t\t\t\t\t\t\t\t\t\t<\/div>\n\t\t\t\t<\/div>\n\t\t\t\t\t<\/div>\n\t\t<\/div>\n\t\t\t\t\t<\/div>\n\t\t<\/section>\n\t\t\t\t<\/div>\n\t\t","protected":false},"excerpt":{"rendered":"<p>lek. justyna roc\u0142awska laryngolog Jestem absolwentk\u0105 Gda\u0144skiego Uniwersytetu Medycznego. Tytu\u0142 specjalisty w zakresie otorynolaryngologii uzyska\u0142am po odbyciu szkolenia specjalizacyjnego w Oddziale Otolaryngologii dla Dzieci i Doros\u0142ych Wojew\u00f3dzkiego Szpitala Zespolonego im. [&hellip;]<\/p>\n","protected":false},"author":1,"featured_media":0,"parent":17,"menu_order":0,"comment_status":"closed","ping_status":"closed","template":"page-templates\/template-canvas.php","meta":{"footnotes":""},"class_list":["post-735","page","type-page","status-publish","hentry"],"yoast_head":"<!-- This site is optimized with the Yoast SEO plugin v26.4 - https:\/\/yoast.com\/wordpress\/plugins\/seo\/ -->\n<title>O mnie - lek. Justyna Roc\u0142awska - MedSpot<\/title>\n<meta name=\"description\" content=\"Laryngolog doro\u015bli Toru\u0144\" \/>\n<meta name=\"robots\" content=\"index, follow, max-snippet:-1, max-image-preview:large, max-video-preview:-1\" \/>\n<link rel=\"canonical\" href=\"https:\/\/medspot-torun.pl\/index.php\/gabinety-medyczne-laryngolog-stomatolog\/o-mnie-lek-justyna-roclawska\/\" \/>\n<meta property=\"og:locale\" content=\"pl_PL\" \/>\n<meta property=\"og:type\" content=\"article\" \/>\n<meta property=\"og:title\" content=\"O mnie - lek. Justyna Roc\u0142awska - MedSpot\" \/>\n<meta property=\"og:description\" content=\"Laryngolog doro\u015bli Toru\u0144\" \/>\n<meta property=\"og:url\" content=\"https:\/\/medspot-torun.pl\/index.php\/gabinety-medyczne-laryngolog-stomatolog\/o-mnie-lek-justyna-roclawska\/\" \/>\n<meta property=\"og:site_name\" content=\"MedSpot\" \/>\n<meta property=\"article:modified_time\" content=\"2025-01-30T13:09:55+00:00\" \/>\n<meta property=\"og:image\" content=\"https:\/\/medspot-torun.pl\/wp-content\/uploads\/2024\/12\/c9a7d27959ebe11314848e4cd1b34e65-e1733388904489.jpeg\" \/>\n<meta name=\"twitter:card\" content=\"summary_large_image\" \/>\n<meta name=\"twitter:label1\" content=\"Szacowany czas czytania\" \/>\n\t<meta name=\"twitter:data1\" content=\"1 minuta\" \/>\n<script type=\"application\/ld+json\" class=\"yoast-schema-graph\">{\"@context\":\"https:\/\/schema.org\",\"@graph\":[{\"@type\":\"WebPage\",\"@id\":\"https:\/\/medspot-torun.pl\/index.php\/gabinety-medyczne-laryngolog-stomatolog\/o-mnie-lek-justyna-roclawska\/\",\"url\":\"https:\/\/medspot-torun.pl\/index.php\/gabinety-medyczne-laryngolog-stomatolog\/o-mnie-lek-justyna-roclawska\/\",\"name\":\"O mnie - lek. Justyna Roc\u0142awska - MedSpot\",\"isPartOf\":{\"@id\":\"https:\/\/medspot-torun.pl\/#website\"},\"primaryImageOfPage\":{\"@id\":\"https:\/\/medspot-torun.pl\/index.php\/gabinety-medyczne-laryngolog-stomatolog\/o-mnie-lek-justyna-roclawska\/#primaryimage\"},\"image\":{\"@id\":\"https:\/\/medspot-torun.pl\/index.php\/gabinety-medyczne-laryngolog-stomatolog\/o-mnie-lek-justyna-roclawska\/#primaryimage\"},\"thumbnailUrl\":\"https:\/\/medspot-torun.pl\/wp-content\/uploads\/2024\/12\/c9a7d27959ebe11314848e4cd1b34e65-e1733388904489.jpeg\",\"datePublished\":\"2024-12-05T08:56:54+00:00\",\"dateModified\":\"2025-01-30T13:09:55+00:00\",\"description\":\"Laryngolog doro\u015bli Toru\u0144\",\"breadcrumb\":{\"@id\":\"https:\/\/medspot-torun.pl\/index.php\/gabinety-medyczne-laryngolog-stomatolog\/o-mnie-lek-justyna-roclawska\/#breadcrumb\"},\"inLanguage\":\"pl-PL\",\"potentialAction\":[{\"@type\":\"ReadAction\",\"target\":[\"https:\/\/medspot-torun.pl\/index.php\/gabinety-medyczne-laryngolog-stomatolog\/o-mnie-lek-justyna-roclawska\/\"]}]},{\"@type\":\"ImageObject\",\"inLanguage\":\"pl-PL\",\"@id\":\"https:\/\/medspot-torun.pl\/index.php\/gabinety-medyczne-laryngolog-stomatolog\/o-mnie-lek-justyna-roclawska\/#primaryimage\",\"url\":\"https:\/\/medspot-torun.pl\/wp-content\/uploads\/2024\/12\/c9a7d27959ebe11314848e4cd1b34e65-e1733388904489.jpeg\",\"contentUrl\":\"https:\/\/medspot-torun.pl\/wp-content\/uploads\/2024\/12\/c9a7d27959ebe11314848e4cd1b34e65-e1733388904489.jpeg\",\"width\":459,\"height\":529},{\"@type\":\"BreadcrumbList\",\"@id\":\"https:\/\/medspot-torun.pl\/index.php\/gabinety-medyczne-laryngolog-stomatolog\/o-mnie-lek-justyna-roclawska\/#breadcrumb\",\"itemListElement\":[{\"@type\":\"ListItem\",\"position\":1,\"name\":\"Strona g\u0142\u00f3wna\",\"item\":\"https:\/\/medspot-torun.pl\/\"},{\"@type\":\"ListItem\",\"position\":2,\"name\":\"Strona G\u0142\u00f3wna\",\"item\":\"https:\/\/medspot-torun.pl\/\"},{\"@type\":\"ListItem\",\"position\":3,\"name\":\"O mnie &#8211; lek. Justyna Roc\u0142awska\"}]},{\"@type\":\"WebSite\",\"@id\":\"https:\/\/medspot-torun.pl\/#website\",\"url\":\"https:\/\/medspot-torun.pl\/\",\"name\":\"MedSpot\",\"description\":\"gabinety medyczne\",\"publisher\":{\"@id\":\"https:\/\/medspot-torun.pl\/#organization\"},\"potentialAction\":[{\"@type\":\"SearchAction\",\"target\":{\"@type\":\"EntryPoint\",\"urlTemplate\":\"https:\/\/medspot-torun.pl\/?s={search_term_string}\"},\"query-input\":{\"@type\":\"PropertyValueSpecification\",\"valueRequired\":true,\"valueName\":\"search_term_string\"}}],\"inLanguage\":\"pl-PL\"},{\"@type\":\"Organization\",\"@id\":\"https:\/\/medspot-torun.pl\/#organization\",\"name\":\"MedSpot\",\"url\":\"https:\/\/medspot-torun.pl\/\",\"logo\":{\"@type\":\"ImageObject\",\"inLanguage\":\"pl-PL\",\"@id\":\"https:\/\/medspot-torun.pl\/#\/schema\/logo\/image\/\",\"url\":\"https:\/\/medspot-torun.pl\/wp-content\/uploads\/2024\/09\/Srebrny-Kuchnia-Restauracja-Ulotka-e1730207827202.png\",\"contentUrl\":\"https:\/\/medspot-torun.pl\/wp-content\/uploads\/2024\/09\/Srebrny-Kuchnia-Restauracja-Ulotka-e1730207827202.png\",\"width\":1413,\"height\":636,\"caption\":\"MedSpot\"},\"image\":{\"@id\":\"https:\/\/medspot-torun.pl\/#\/schema\/logo\/image\/\"}}]}<\/script>\n<!-- \/ Yoast SEO plugin. -->","yoast_head_json":{"title":"O mnie - lek. Justyna Roc\u0142awska - MedSpot","description":"Laryngolog doro\u015bli Toru\u0144","robots":{"index":"index","follow":"follow","max-snippet":"max-snippet:-1","max-image-preview":"max-image-preview:large","max-video-preview":"max-video-preview:-1"},"canonical":"https:\/\/medspot-torun.pl\/index.php\/gabinety-medyczne-laryngolog-stomatolog\/o-mnie-lek-justyna-roclawska\/","og_locale":"pl_PL","og_type":"article","og_title":"O mnie - lek. Justyna Roc\u0142awska - MedSpot","og_description":"Laryngolog doro\u015bli Toru\u0144","og_url":"https:\/\/medspot-torun.pl\/index.php\/gabinety-medyczne-laryngolog-stomatolog\/o-mnie-lek-justyna-roclawska\/","og_site_name":"MedSpot","article_modified_time":"2025-01-30T13:09:55+00:00","og_image":[{"url":"https:\/\/medspot-torun.pl\/wp-content\/uploads\/2024\/12\/c9a7d27959ebe11314848e4cd1b34e65-e1733388904489.jpeg","type":"","width":"","height":""}],"twitter_card":"summary_large_image","twitter_misc":{"Szacowany czas czytania":"1 minuta"},"schema":{"@context":"https:\/\/schema.org","@graph":[{"@type":"WebPage","@id":"https:\/\/medspot-torun.pl\/index.php\/gabinety-medyczne-laryngolog-stomatolog\/o-mnie-lek-justyna-roclawska\/","url":"https:\/\/medspot-torun.pl\/index.php\/gabinety-medyczne-laryngolog-stomatolog\/o-mnie-lek-justyna-roclawska\/","name":"O mnie - lek. Justyna Roc\u0142awska - MedSpot","isPartOf":{"@id":"https:\/\/medspot-torun.pl\/#website"},"primaryImageOfPage":{"@id":"https:\/\/medspot-torun.pl\/index.php\/gabinety-medyczne-laryngolog-stomatolog\/o-mnie-lek-justyna-roclawska\/#primaryimage"},"image":{"@id":"https:\/\/medspot-torun.pl\/index.php\/gabinety-medyczne-laryngolog-stomatolog\/o-mnie-lek-justyna-roclawska\/#primaryimage"},"thumbnailUrl":"https:\/\/medspot-torun.pl\/wp-content\/uploads\/2024\/12\/c9a7d27959ebe11314848e4cd1b34e65-e1733388904489.jpeg","datePublished":"2024-12-05T08:56:54+00:00","dateModified":"2025-01-30T13:09:55+00:00","description":"Laryngolog doro\u015bli Toru\u0144","breadcrumb":{"@id":"https:\/\/medspot-torun.pl\/index.php\/gabinety-medyczne-laryngolog-stomatolog\/o-mnie-lek-justyna-roclawska\/#breadcrumb"},"inLanguage":"pl-PL","potentialAction":[{"@type":"ReadAction","target":["https:\/\/medspot-torun.pl\/index.php\/gabinety-medyczne-laryngolog-stomatolog\/o-mnie-lek-justyna-roclawska\/"]}]},{"@type":"ImageObject","inLanguage":"pl-PL","@id":"https:\/\/medspot-torun.pl\/index.php\/gabinety-medyczne-laryngolog-stomatolog\/o-mnie-lek-justyna-roclawska\/#primaryimage","url":"https:\/\/medspot-torun.pl\/wp-content\/uploads\/2024\/12\/c9a7d27959ebe11314848e4cd1b34e65-e1733388904489.jpeg","contentUrl":"https:\/\/medspot-torun.pl\/wp-content\/uploads\/2024\/12\/c9a7d27959ebe11314848e4cd1b34e65-e1733388904489.jpeg","width":459,"height":529},{"@type":"BreadcrumbList","@id":"https:\/\/medspot-torun.pl\/index.php\/gabinety-medyczne-laryngolog-stomatolog\/o-mnie-lek-justyna-roclawska\/#breadcrumb","itemListElement":[{"@type":"ListItem","position":1,"name":"Strona g\u0142\u00f3wna","item":"https:\/\/medspot-torun.pl\/"},{"@type":"ListItem","position":2,"name":"Strona G\u0142\u00f3wna","item":"https:\/\/medspot-torun.pl\/"},{"@type":"ListItem","position":3,"name":"O mnie &#8211; lek. Justyna Roc\u0142awska"}]},{"@type":"WebSite","@id":"https:\/\/medspot-torun.pl\/#website","url":"https:\/\/medspot-torun.pl\/","name":"MedSpot","description":"gabinety medyczne","publisher":{"@id":"https:\/\/medspot-torun.pl\/#organization"},"potentialAction":[{"@type":"SearchAction","target":{"@type":"EntryPoint","urlTemplate":"https:\/\/medspot-torun.pl\/?s={search_term_string}"},"query-input":{"@type":"PropertyValueSpecification","valueRequired":true,"valueName":"search_term_string"}}],"inLanguage":"pl-PL"},{"@type":"Organization","@id":"https:\/\/medspot-torun.pl\/#organization","name":"MedSpot","url":"https:\/\/medspot-torun.pl\/","logo":{"@type":"ImageObject","inLanguage":"pl-PL","@id":"https:\/\/medspot-torun.pl\/#\/schema\/logo\/image\/","url":"https:\/\/medspot-torun.pl\/wp-content\/uploads\/2024\/09\/Srebrny-Kuchnia-Restauracja-Ulotka-e1730207827202.png","contentUrl":"https:\/\/medspot-torun.pl\/wp-content\/uploads\/2024\/09\/Srebrny-Kuchnia-Restauracja-Ulotka-e1730207827202.png","width":1413,"height":636,"caption":"MedSpot"},"image":{"@id":"https:\/\/medspot-torun.pl\/#\/schema\/logo\/image\/"}}]}},"_links":{"self":[{"href":"https:\/\/medspot-torun.pl\/index.php\/wp-json\/wp\/v2\/pages\/735","targetHints":{"allow":["GET"]}}],"collection":[{"href":"https:\/\/medspot-torun.pl\/index.php\/wp-json\/wp\/v2\/pages"}],"about":[{"href":"https:\/\/medspot-torun.pl\/index.php\/wp-json\/wp\/v2\/types\/page"}],"author":[{"embeddable":true,"href":"https:\/\/medspot-torun.pl\/index.php\/wp-json\/wp\/v2\/users\/1"}],"replies":[{"embeddable":true,"href":"https:\/\/medspot-torun.pl\/index.php\/wp-json\/wp\/v2\/comments?post=735"}],"version-history":[{"count":8,"href":"https:\/\/medspot-torun.pl\/index.php\/wp-json\/wp\/v2\/pages\/735\/revisions"}],"predecessor-version":[{"id":942,"href":"https:\/\/medspot-torun.pl\/index.php\/wp-json\/wp\/v2\/pages\/735\/revisions\/942"}],"up":[{"embeddable":true,"href":"https:\/\/medspot-torun.pl\/index.php\/wp-json\/wp\/v2\/pages\/17"}],"wp:attachment":[{"href":"https:\/\/medspot-torun.pl\/index.php\/wp-json\/wp\/v2\/media?parent=735"}],"curies":[{"name":"wp","href":"https:\/\/api.w.org\/{rel}","templated":true}]}}